{"id":227,"date":"2022-09-15T13:37:37","date_gmt":"2022-09-15T13:37:37","guid":{"rendered":"https:\/\/www.sf-gynecologie.fr\/?page_id=227"},"modified":"2025-01-16T13:50:37","modified_gmt":"2025-01-16T13:50:37","slug":"les-statuts","status":"publish","type":"page","link":"https:\/\/www.sf-gynecologie.fr\/?page_id=227","title":{"rendered":"Les statuts"},"content":{"rendered":"\t\t<div data-elementor-type=\"wp-page\" data-elementor-id=\"227\" class=\"elementor elementor-227\" data-elementor-post-type=\"page\">\n\t\t\t\t\t\t<section class=\"elementor-section elementor-top-section elementor-element elementor-element-c97866e elementor-section-boxed elementor-section-height-default elementor-section-height-default\" data-id=\"c97866e\" data-element_type=\"section\">\n\t\t\t\t\t\t<div class=\"elementor-container elementor-column-gap-default\">\n\t\t\t\t\t<div class=\"elementor-column elementor-col-100 elementor-top-column elementor-element elementor-element-eea84b8\" data-id=\"eea84b8\" data-element_type=\"column\">\n\t\t\t<div class=\"elementor-widget-wrap elementor-element-populated\">\n\t\t\t\t\t\t<div class=\"elementor-element elementor-element-7b85ff6 elementor-widget elementor-widget-heading\" data-id=\"7b85ff6\" data-element_type=\"widget\" data-widget_type=\"heading.default\">\n\t\t\t\t<div class=\"elementor-widget-container\">\n\t\t\t<style>\/*! elementor - v3.22.0 - 17-06-2024 *\/\n.elementor-heading-title{padding:0;margin:0;line-height:1}.elementor-widget-heading .elementor-heading-title[class*=elementor-size-]>a{color:inherit;font-size:inherit;line-height:inherit}.elementor-widget-heading .elementor-heading-title.elementor-size-small{font-size:15px}.elementor-widget-heading .elementor-heading-title.elementor-size-medium{font-size:19px}.elementor-widget-heading .elementor-heading-title.elementor-size-large{font-size:29px}.elementor-widget-heading .elementor-heading-title.elementor-size-xl{font-size:39px}.elementor-widget-heading .elementor-heading-title.elementor-size-xxl{font-size:59px}<\/style><h2 class=\"elementor-heading-title elementor-size-default\">Les statuts - vot\u00e9s en Assembl\u00e9e G\u00e9n\u00e9rale le 8 octobre 2024 <\/h2>\t\t<\/div>\n\t\t\t\t<\/div>\n\t\t\t\t<div class=\"elementor-element elementor-element-988cdda elementor-invisible elementor-widget elementor-widget-text-editor\" data-id=\"988cdda\" data-element_type=\"widget\" data-settings=\"{&quot;_animation&quot;:&quot;fadeIn&quot;}\" data-widget_type=\"text-editor.default\">\n\t\t\t\t<div class=\"elementor-widget-container\">\n\t\t\t<style>\/*! elementor - v3.22.0 - 17-06-2024 *\/\n.elementor-widget-text-editor.elementor-drop-cap-view-stacked .elementor-drop-cap{background-color:#69727d;color:#fff}.elementor-widget-text-editor.elementor-drop-cap-view-framed .elementor-drop-cap{color:#69727d;border:3px solid;background-color:transparent}.elementor-widget-text-editor:not(.elementor-drop-cap-view-default) .elementor-drop-cap{margin-top:8px}.elementor-widget-text-editor:not(.elementor-drop-cap-view-default) .elementor-drop-cap-letter{width:1em;height:1em}.elementor-widget-text-editor .elementor-drop-cap{float:left;text-align:center;line-height:1;font-size:50px}.elementor-widget-text-editor .elementor-drop-cap-letter{display:inline-block}<\/style>\t\t\t\t<p><br \/><strong>Article premier<\/strong> : La Soci\u00e9t\u00e9 dite \u00ab Soci\u00e9t\u00e9 Fran\u00e7aise de Gyn\u00e9cologie \u00bb a pour objet l\u2019\u00e9tude, la recherche, la formation m\u00e9dicale continue, l\u2019\u00e9valuation des pratiques\u00a0 professionnelles et toute question ayant trait \u00e0 cette discipline.<\/p><p><strong>Article 2<\/strong> : La Soci\u00e9t\u00e9 se compose de membres fran\u00e7ais titulaires ou associ\u00e9s,internes et docteurs juniors et de membres correspondants \u00e9trangers, de membres d\u2019honneur ou honoraires fran\u00e7ais et \u00e9trangers.<\/p><p>* Les membres titulaires doivent \u00eatre fran\u00e7ais ou citoyen d&rsquo;une nation de la communaut\u00e9 europ\u00e9enne, Docteurs en m\u00e9decine exer\u00e7ant ou ayant exerc\u00e9 comme activit\u00e9 principale la gyn\u00e9cologie m\u00e9dicale ou la gyn\u00e9cologie-obst\u00e9trique, ou une sp\u00e9cialit\u00e9 en lien \u00e9troit avec la gyn\u00e9cologie comme endocrinologie, m\u00e9decine de la reproduction. Ils sont \u00e9lus par le Bureau et le Comit\u00e9 Consultatif \u00e0 la majorit\u00e9 relative des votants.<\/p><p>* Les membres associ\u00e9s ne sont pas gyn\u00e9cologues. Ils sont \u00e9lus par le Bureau et le Comit\u00e9 Consultatif \u00e0 la majorit\u00e9 relative des votants.<\/p><p>*Les membres associ\u00e9s internes et docteurs juniors de la sp\u00e9cialit\u00e9 de gyn\u00e9cologie m\u00e9dicale ou de gyn\u00e9cologie-obst\u00e9trique re\u00e7oivent les annonces de toutes les activit\u00e9s de la SFG et b\u00e9n\u00e9ficient des m\u00eames conditions de participation et d&rsquo;acc\u00e8s au site web de la SFG que les membres titulaires. Ils paient une cotisation r\u00e9duite fix\u00e9e annuellement par le Bureau et le Comit\u00e9 Consultatif.\u00a0<\/p><p>Ils seront invit\u00e9s \u00e0 devenir membres titulaires lorsqu&rsquo;ils auront valid\u00e9 la sp\u00e9cialit\u00e9 de gyn\u00e9cologie m\u00e9dicale ou de gyn\u00e9cologie-obst\u00e9trique. Ils sont \u00e9lus, apr\u00e8s candidature, par le Bureau et le Comit\u00e9 Consultatif \u00e0 la majorit\u00e9 relative des votants.\u00a0<\/p><p>* Les membres correspondants sont des praticiens \u00e9trangers agr\u00e9\u00e9s par le Bureau et le Comit\u00e9 Consultatif ; ils sont \u00e9lus au scrutin secret \u00e0 la majorit\u00e9 relative des membres pr\u00e9sents dans une s\u00e9ance de la Soci\u00e9t\u00e9. Ils ne sont ni \u00e9ligibles, ni \u00e9lecteurs.<\/p><p>* Les membres d\u2019honneur sont nomm\u00e9s sur proposition du Bureau et du Comit\u00e9 consultatif lors d\u2019une s\u00e9ance de la Soci\u00e9t\u00e9, ils ont droit de vote et s\u2019ils sont fran\u00e7ais, ils sont \u00e9ligibles.<\/p><p><strong>Article 3<\/strong> : Les travaux de la Soci\u00e9t\u00e9 sont publi\u00e9s dans une revue de gyn\u00e9cologie, avec laquelle des accords ont \u00e9t\u00e9 conclus dans ce bureau.<br \/>Les publications et compte rendus des r\u00e9unions organis\u00e9es par la Soci\u00e9t\u00e9 Fran\u00e7aise de Gyn\u00e9cologie pourront \u00eatre publi\u00e9s soit dans la revue, soit sous forme d\u2019un volume \u00e9dit\u00e9 par la Soci\u00e9t\u00e9 sur d\u00e9cision du Bureau.<\/p><p><strong>Article 4<\/strong> : La Soci\u00e9t\u00e9 est administr\u00e9e par un Bureau, \u00e9lu chaque ann\u00e9e par l\u2019Assembl\u00e9e G\u00e9n\u00e9rale. Il se compose d\u2019un pr\u00e9sident, d\u2019un pr\u00e9sident \u00e9lu, d\u2019un ou deux vice-pr\u00e9sidents, d\u2019un ou deux secr\u00e9taires g\u00e9n\u00e9raux, d\u2019un ou deux secr\u00e9taires g\u00e9n\u00e9raux adjoints, d\u2019un ou deux web masters, d\u2019un tr\u00e9sorier et d\u2019un tr\u00e9sorier adjoint, l\u2019existence d\u2019autres postes int\u00e9gr\u00e9s dans le bureau sera pr\u00e9cis\u00e9e dans le r\u00e8glement int\u00e9rieur. Les possibilit\u00e9s de cumul de ces postes sont pr\u00e9cis\u00e9es dans le r\u00e8glement int\u00e9rieur.<\/p><p>Le Bureau est tenu de prendre au moins deux fois par an l\u2019avis d\u2019un Comit\u00e9 Consultatif, compos\u00e9 de neuf membres ayant voix d\u00e9lib\u00e9rative. Ces neuf membres sont \u00e9lus pour trois ans au scrutin secret, \u00e0 la majorit\u00e9 relative des votants, lors de l\u2019Assembl\u00e9e G\u00e9n\u00e9rale. Le renouvellement de ce comit\u00e9 a lieu par tiers chaque ann\u00e9e.<\/p><p>Le Comit\u00e9 Consultatif et le Bureau \u00e9tablissent d\u2019un commun accord une liste de candidats \u00e0 proposer \u00e0 l\u2019Assembl\u00e9e G\u00e9n\u00e9rale, chaque ann\u00e9e, pour l\u2019\u00e9lection du Bureau et du tiers sortant du Comit\u00e9 Consultatif.<\/p><p>Dans certains cas, les Pr\u00e9sidents d\u2019Honneur, et les membres du Bureau de l\u2019ann\u00e9e pr\u00e9c\u00e9dente, peuvent \u00eatre convi\u00e9s \u00e0 participer \u00e0 la r\u00e9union du Bureau et du Comt\u00e9 Consultatif. Les circonstances dans lesquelles il pourra \u00eatre fait appel \u00e0 eux seront pr\u00e9cis\u00e9es dans le r\u00e8glement int\u00e9rieur ; ils n\u2019auront qu\u2019une voix consultative.<\/p><p>Le r\u00e8glement int\u00e9rieur est \u00e9labor\u00e9 par le Bureau et le Comit\u00e9 Consultatif. Il pr\u00e9cise les conditions de r\u00e9\u00e9lection des membres du Bureau<\/p><p><strong>Article 5<\/strong> : le Bureau se r\u00e9unit sur convocation adress\u00e9e par le Secr\u00e9taire G\u00e9n\u00e9ral toutes les fois que le Pr\u00e9sident le juge opportun. Il est tenu proc\u00e8s verbal des s\u00e9ances.<\/p><p><strong>Article 6<\/strong> : la Soci\u00e9t\u00e9 Fran\u00e7aise de Gyn\u00e9cologie se r\u00e9unit r\u00e9guli\u00e8rement.<\/p><p>Une Assembl\u00e9e g\u00e9n\u00e9rale se tient chaque ann\u00e9e, \u00e0 la diligence du Bureau. Une ou plusieurs assembl\u00e9es g\u00e9n\u00e9rales peuvent \u00eatre tenues en cours d\u2019exercice<\/p><p><strong>Article 7<\/strong> : Les ressources de la Soci\u00e9t\u00e9 se composent :<\/p><p>&#8211;\u00a0\u00a0 \u00a0des cotisations annuelles de ses membres dont le montant est vot\u00e9 chaque ann\u00e9e lors de l\u2019Assembl\u00e9e G\u00e9n\u00e9rale. Les membres correspondants, d\u2019honneur ou honoraires ne versent aucune cotisation,<br \/>&#8211;\u00a0\u00a0 \u00a0des subventions l\u00e9gales publiques ou priv\u00e9es et des dons,<br \/>&#8211;\u00a0\u00a0 \u00a0des revenus de biens et valeurs de toute nature,<br \/>&#8211;\u00a0\u00a0 \u00a0de toutes autres ressources autoris\u00e9es par les textes l\u00e9gislatifs et r\u00e9glementaires.<\/p><p><strong>Article 8<\/strong> : La qualit\u00e9 de membre de la Soci\u00e9t\u00e9 se perd :<\/p><p>&#8211;\u00a0\u00a0 \u00a0par d\u00e9mission,<br \/>&#8211;\u00a0\u00a0 \u00a0ou par radiation prononc\u00e9e pour motif grave par l\u2019Assembl\u00e9e G\u00e9n\u00e9rale, sur proposition du Bureau au scrutin secret, le membre int\u00e9ress\u00e9 ayant \u00e9t\u00e9 appel\u00e9 \u00e0 fournir ses explications<\/p><p><strong>Article 9<\/strong> : le si\u00e8ge\u00a0 social de la Soci\u00e9t\u00e9 est fix\u00e9 par le r\u00e8glement int\u00e9rieur.<\/p><p><strong>Article 10<\/strong> : les modifications de ces statuts ne seront vot\u00e9es qu\u2019en Assembl\u00e9e G\u00e9n\u00e9rale, \u00e0 la majorit\u00e9 simple des membres pr\u00e9sents ou repr\u00e9sent\u00e9s.<\/p>\t\t\t\t\t\t<\/div>\n\t\t\t\t<\/div>\n\t\t\t\t\t<\/div>\n\t\t<\/div>\n\t\t\t\t\t<\/div>\n\t\t<\/section>\n\t\t\t\t<section class=\"elementor-section elementor-top-section elementor-element elementor-element-13ce124 elementor-section-boxed elementor-section-height-default elementor-section-height-default\" data-id=\"13ce124\" data-element_type=\"section\">\n\t\t\t\t\t\t<div class=\"elementor-container elementor-column-gap-default\">\n\t\t\t\t\t<div class=\"elementor-column elementor-col-100 elementor-top-column elementor-element elementor-element-5106250\" data-id=\"5106250\" data-element_type=\"column\">\n\t\t\t<div class=\"elementor-widget-wrap elementor-element-populated\">\n\t\t\t\t\t\t<div class=\"elementor-element elementor-element-9ecdc00 elementor-widget-divider--view-line elementor-widget elementor-widget-divider\" data-id=\"9ecdc00\" data-element_type=\"widget\" data-widget_type=\"divider.default\">\n\t\t\t\t<div class=\"elementor-widget-container\">\n\t\t\t<style>\/*! elementor - v3.22.0 - 17-06-2024 *\/\n.elementor-widget-divider{--divider-border-style:none;--divider-border-width:1px;--divider-color:#0c0d0e;--divider-icon-size:20px;--divider-element-spacing:10px;--divider-pattern-height:24px;--divider-pattern-size:20px;--divider-pattern-url:none;--divider-pattern-repeat:repeat-x}.elementor-widget-divider .elementor-divider{display:flex}.elementor-widget-divider .elementor-divider__text{font-size:15px;line-height:1;max-width:95%}.elementor-widget-divider .elementor-divider__element{margin:0 var(--divider-element-spacing);flex-shrink:0}.elementor-widget-divider .elementor-icon{font-size:var(--divider-icon-size)}.elementor-widget-divider .elementor-divider-separator{display:flex;margin:0;direction:ltr}.elementor-widget-divider--view-line_icon .elementor-divider-separator,.elementor-widget-divider--view-line_text .elementor-divider-separator{align-items:center}.elementor-widget-divider--view-line_icon .elementor-divider-separator:after,.elementor-widget-divider--view-line_icon .elementor-divider-separator:before,.elementor-widget-divider--view-line_text .elementor-divider-separator:after,.elementor-widget-divider--view-line_text .elementor-divider-separator:before{display:block;content:\"\";border-block-end:0;flex-grow:1;border-block-start:var(--divider-border-width) var(--divider-border-style) var(--divider-color)}.elementor-widget-divider--element-align-left .elementor-divider .elementor-divider-separator>.elementor-divider__svg:first-of-type{flex-grow:0;flex-shrink:100}.elementor-widget-divider--element-align-left .elementor-divider-separator:before{content:none}.elementor-widget-divider--element-align-left .elementor-divider__element{margin-left:0}.elementor-widget-divider--element-align-right .elementor-divider .elementor-divider-separator>.elementor-divider__svg:last-of-type{flex-grow:0;flex-shrink:100}.elementor-widget-divider--element-align-right .elementor-divider-separator:after{content:none}.elementor-widget-divider--element-align-right .elementor-divider__element{margin-right:0}.elementor-widget-divider--element-align-start .elementor-divider .elementor-divider-separator>.elementor-divider__svg:first-of-type{flex-grow:0;flex-shrink:100}.elementor-widget-divider--element-align-start .elementor-divider-separator:before{content:none}.elementor-widget-divider--element-align-start .elementor-divider__element{margin-inline-start:0}.elementor-widget-divider--element-align-end .elementor-divider .elementor-divider-separator>.elementor-divider__svg:last-of-type{flex-grow:0;flex-shrink:100}.elementor-widget-divider--element-align-end .elementor-divider-separator:after{content:none}.elementor-widget-divider--element-align-end .elementor-divider__element{margin-inline-end:0}.elementor-widget-divider:not(.elementor-widget-divider--view-line_text):not(.elementor-widget-divider--view-line_icon) .elementor-divider-separator{border-block-start:var(--divider-border-width) var(--divider-border-style) var(--divider-color)}.elementor-widget-divider--separator-type-pattern{--divider-border-style:none}.elementor-widget-divider--separator-type-pattern.elementor-widget-divider--view-line .elementor-divider-separator,.elementor-widget-divider--separator-type-pattern:not(.elementor-widget-divider--view-line) .elementor-divider-separator:after,.elementor-widget-divider--separator-type-pattern:not(.elementor-widget-divider--view-line) .elementor-divider-separator:before,.elementor-widget-divider--separator-type-pattern:not([class*=elementor-widget-divider--view]) .elementor-divider-separator{width:100%;min-height:var(--divider-pattern-height);-webkit-mask-size:var(--divider-pattern-size) 100%;mask-size:var(--divider-pattern-size) 100%;-webkit-mask-repeat:var(--divider-pattern-repeat);mask-repeat:var(--divider-pattern-repeat);background-color:var(--divider-color);-webkit-mask-image:var(--divider-pattern-url);mask-image:var(--divider-pattern-url)}.elementor-widget-divider--no-spacing{--divider-pattern-size:auto}.elementor-widget-divider--bg-round{--divider-pattern-repeat:round}.rtl .elementor-widget-divider .elementor-divider__text{direction:rtl}.e-con-inner>.elementor-widget-divider,.e-con>.elementor-widget-divider{width:var(--container-widget-width,100%);--flex-grow:var(--container-widget-flex-grow)}<\/style>\t\t<div class=\"elementor-divider\">\n\t\t\t<span class=\"elementor-divider-separator\">\n\t\t\t\t\t\t<\/span>\n\t\t<\/div>\n\t\t\t\t<\/div>\n\t\t\t\t<\/div>\n\t\t\t\t\t<\/div>\n\t\t<\/div>\n\t\t\t\t\t<\/div>\n\t\t<\/section>\n\t\t\t\t<\/div>\n\t\t","protected":false},"excerpt":{"rendered":"<p>Les statuts &#8211; vot\u00e9s en Assembl\u00e9e G\u00e9n\u00e9rale le 8 octobre 2024 Article premier : La Soci\u00e9t\u00e9 dite \u00ab Soci\u00e9t\u00e9 Fran\u00e7aise de Gyn\u00e9cologie \u00bb a pour objet l\u2019\u00e9tude, la recherche, la formation m\u00e9dicale continue, l\u2019\u00e9valuation des pratiques\u00a0 professionnelles et toute question ayant trait \u00e0 cette discipline. Article 2 : La Soci\u00e9t\u00e9 se compose de membres fran\u00e7ais [&hellip;]<\/p>\n","protected":false},"author":1,"featured_media":0,"parent":0,"menu_order":0,"comment_status":"closed","ping_status":"closed","template":"","meta":{"footnotes":""},"folder":[],"class_list":["post-227","page","type-page","status-publish","hentry"],"_links":{"self":[{"href":"https:\/\/www.sf-gynecologie.fr\/index.php?rest_route=\/wp\/v2\/pages\/227","targetHints":{"allow":["GET"]}}],"collection":[{"href":"https:\/\/www.sf-gynecologie.fr\/index.php?rest_route=\/wp\/v2\/pages"}],"about":[{"href":"https:\/\/www.sf-gynecologie.fr\/index.php?rest_route=\/wp\/v2\/types\/page"}],"author":[{"embeddable":true,"href":"https:\/\/www.sf-gynecologie.fr\/index.php?rest_route=\/wp\/v2\/users\/1"}],"replies":[{"embeddable":true,"href":"https:\/\/www.sf-gynecologie.fr\/index.php?rest_route=%2Fwp%2Fv2%2Fcomments&post=227"}],"version-history":[{"count":19,"href":"https:\/\/www.sf-gynecologie.fr\/index.php?rest_route=\/wp\/v2\/pages\/227\/revisions"}],"predecessor-version":[{"id":3326,"href":"https:\/\/www.sf-gynecologie.fr\/index.php?rest_route=\/wp\/v2\/pages\/227\/revisions\/3326"}],"wp:attachment":[{"href":"https:\/\/www.sf-gynecologie.fr\/index.php?rest_route=%2Fwp%2Fv2%2Fmedia&parent=227"}],"wp:term":[{"taxonomy":"folder","embeddable":true,"href":"https:\/\/www.sf-gynecologie.fr\/index.php?rest_route=%2Fwp%2Fv2%2Ffolder&post=227"}],"curies":[{"name":"wp","href":"https:\/\/api.w.org\/{rel}","templated":true}]}}